{"id":1600,"date":"2016-07-14T02:27:55","date_gmt":"2016-07-14T02:27:55","guid":{"rendered":"http:\/\/pragmaticmanagement.ch\/nous\/"},"modified":"2024-01-16T10:06:27","modified_gmt":"2024-01-16T09:06:27","slug":"uber-uns","status":"publish","type":"page","link":"https:\/\/www.pragmaticmanagement.ch\/de\/uber-uns\/","title":{"rendered":"\u00dcBER UNS"},"content":{"rendered":"<p><div class=\"fusion-fullwidth fullwidth-box fusion-builder-row-1 fusion-flex-container hundred-percent-fullwidth non-hundred-percent-height-scrolling fusion-no-small-visibility\" style=\"--awb-border-radius-top-left:0px;--awb-border-radius-top-right:0px;--awb-border-radius-bottom-right:0px;--awb-border-radius-bottom-left:0px;--awb-flex-wrap:wrap;\" ><div class=\"fusion-builder-row fusion-row fusion-flex-align-items-flex-start fusion-flex-content-wrap\" style=\"width:104% !important;max-width:104% !important;margin-left: calc(-4% \/ 2 );margin-right: calc(-4% \/ 2 );\"><div class=\"fusion-layout-column fusion_builder_column fusion-builder-column-0 fusion_builder_column_1_1 1_1 fusion-flex-column\" style=\"--awb-bg-size:cover;--awb-width-large:100%;--awb-margin-top-large:0px;--awb-spacing-right-large:1.92%;--awb-margin-bottom-large:0px;--awb-spacing-left-large:1.92%;--awb-width-medium:100%;--awb-order-medium:0;--awb-spacing-right-medium:1.92%;--awb-spacing-left-medium:1.92%;--awb-width-small:100%;--awb-order-small:0;--awb-spacing-right-small:1.92%;--awb-spacing-left-small:1.92%;\"><div class=\"fusion-column-wrapper fusion-column-has-shadow fusion-flex-justify-content-flex-start fusion-content-layout-column\"><div class=\"fusion-separator fusion-full-width-sep\" style=\"align-self: center;margin-left: auto;margin-right: auto;margin-top:180px;width:100%;\"><\/div><\/div><\/div><\/div><\/div><div class=\"fusion-fullwidth fullwidth-box fusion-builder-row-2 fusion-flex-container has-pattern-background has-mask-background fusion-parallax-none nonhundred-percent-fullwidth non-hundred-percent-height-scrolling\" style=\"--awb-border-radius-top-left:0px;--awb-border-radius-top-right:0px;--awb-border-radius-bottom-right:0px;--awb-border-radius-bottom-left:0px;--awb-background-image:url(&quot;https:\/\/www.pragmaticmanagement.ch\/wp-content\/uploads\/2020\/12\/Nous-1024x576.jpg&quot;);--awb-background-size:cover;--awb-flex-wrap:wrap;\" ><div class=\"fusion-builder-row fusion-row fusion-flex-align-items-flex-start fusion-flex-content-wrap\" style=\"max-width:1216.8px;margin-left: calc(-4% \/ 2 );margin-right: calc(-4% \/ 2 );\"><div class=\"fusion-layout-column fusion_builder_column fusion-builder-column-1 fusion_builder_column_1_1 1_1 fusion-flex-column\" style=\"--awb-bg-size:cover;--awb-width-large:100%;--awb-margin-top-large:0px;--awb-spacing-right-large:1.92%;--awb-margin-bottom-large:0px;--awb-spacing-left-large:1.92%;--awb-width-medium:100%;--awb-order-medium:0;--awb-spacing-right-medium:1.92%;--awb-spacing-left-medium:1.92%;--awb-width-small:100%;--awb-order-small:0;--awb-spacing-right-small:1.92%;--awb-spacing-left-small:1.92%;\"><div class=\"fusion-column-wrapper fusion-column-has-shadow fusion-flex-justify-content-flex-start fusion-content-layout-column\"><div class=\"fusion-separator fusion-full-width-sep\" style=\"align-self: center;margin-left: auto;margin-right: auto;margin-top:600px;width:100%;\"><\/div><\/div><\/div><\/div><\/div><div class=\"fusion-fullwidth fullwidth-box fusion-builder-row-3 fusion-flex-container nonhundred-percent-fullwidth non-hundred-percent-height-scrolling\" style=\"--awb-background-position:left top;--awb-border-sizes-top:0px;--awb-border-sizes-bottom:0px;--awb-border-sizes-left:0px;--awb-border-sizes-right:0px;--awb-border-radius-top-left:0px;--awb-border-radius-top-right:0px;--awb-border-radius-bottom-right:0px;--awb-border-radius-bottom-left:0px;--awb-padding-top:50px;--awb-padding-bottom:55px;--awb-flex-wrap:wrap;\" ><div class=\"fusion-builder-row fusion-row fusion-flex-align-items-stretch fusion-flex-content-wrap\" style=\"max-width:1216.8px;margin-left: calc(-4% \/ 2 );margin-right: calc(-4% \/ 2 );\"><div class=\"fusion-layout-column fusion_builder_column fusion-builder-column-2 fusion_builder_column_1_1 1_1 fusion-flex-column\" style=\"--awb-padding-top:0px;--awb-padding-right:40px;--awb-padding-bottom:50px;--awb-padding-left:0px;--awb-bg-size:cover;--awb-width-large:100%;--awb-margin-top-large:0px;--awb-spacing-right-large:1.92%;--awb-margin-bottom-large:0px;--awb-spacing-left-large:1.92%;--awb-width-medium:100%;--awb-spacing-right-medium:1.92%;--awb-spacing-left-medium:1.92%;--awb-width-small:100%;--awb-spacing-right-small:1.92%;--awb-spacing-left-small:1.92%;\"><div class=\"fusion-column-wrapper fusion-flex-justify-content-center fusion-content-layout-column\"><div class=\"fusion-text fusion-text-1\" style=\"--awb-font-size:30px;--awb-line-height:60px;--awb-text-font-family:&quot;Playfair Display&quot;;--awb-text-font-style:normal;--awb-text-font-weight:400;\"><p><span style=\"font-family: 'playfair'; font-size: 90px; line-height: 30px; vertical-align: middle; margin-bottom: -20px; margin-right: 20px;\">&#8222;<\/span>Manche Leute wollen, dass es passiert, manche w\u00fcnschen, es w\u00fcrde passieren, andere sorgen daf\u00fcr, dass es passiert&#8220;<\/p>\n<\/div><div class=\"fusion-text fusion-text-2\"><p style=\"font-weight: bold; letter-spacing: 4px; text-align: right;\"><span style=\"color: #fff; background-color: #1c2472; padding-left: 3px;\"> MICHAEL<\/span> JORDAN<\/p>\n<\/div><\/div><\/div><\/div><\/div><div id=\"financier-administratif\" class=\"fusion-container-anchor\"><div class=\"fusion-fullwidth fullwidth-box fusion-builder-row-4 fusion-flex-container hundred-percent-fullwidth non-hundred-percent-height-scrolling\" style=\"--awb-background-position:left top;--awb-border-sizes-top:0px;--awb-border-sizes-bottom:0px;--awb-border-sizes-left:0px;--awb-border-sizes-right:0px;--awb-border-radius-top-left:0px;--awb-border-radius-top-right:0px;--awb-border-radius-bottom-right:0px;--awb-border-radius-bottom-left:0px;--awb-padding-top:0px;--awb-padding-right:0px;--awb-padding-bottom:0px;--awb-padding-left:0px;--awb-background-color:#1c2472;--awb-flex-wrap:wrap;\" ><div class=\"fusion-builder-row fusion-row fusion-flex-align-items-stretch fusion-flex-content-wrap\" style=\"width:104% !important;max-width:104% !important;margin-left: calc(-4% \/ 2 );margin-right: calc(-4% \/ 2 );\"><div class=\"fusion-layout-column fusion_builder_column fusion-builder-column-3 fusion_builder_column_3_5 3_5 fusion-flex-column mobile-no-padding\" style=\"--awb-padding-top:110px;--awb-padding-right:10%;--awb-padding-bottom:110px;--awb-padding-left:20%;--awb-padding-top-medium:10%;--awb-padding-right-medium:10%;--awb-padding-bottom-medium:10%;--awb-padding-left-medium:10%;--awb-bg-size:cover;--awb-width-large:60%;--awb-margin-top-large:0px;--awb-spacing-right-large:2.56%;--awb-margin-bottom-large:0px;--awb-spacing-left-large:3.2%;--awb-width-medium:100%;--awb-spacing-right-medium:1.92%;--awb-spacing-left-medium:1.92%;--awb-width-small:100%;--awb-spacing-right-small:1.92%;--awb-spacing-left-small:1.92%;\"><div class=\"fusion-column-wrapper fusion-flex-justify-content-center fusion-content-layout-column\"><div class=\"fusion-separator fusion-full-width-sep\" style=\"align-self: center;margin-left: auto;margin-right: auto;margin-top:5px;width:100%;\"><\/div><div class=\"fusion-title title fusion-title-1 fusion-sep-none fusion-title-text fusion-title-size-two\" style=\"--awb-text-color:#ffffff;--awb-margin-top:36px;\"><h2 class=\"fusion-title-heading title-heading-left fusion-responsive-typography-calculated\" style=\"margin:0;--fontSize:60;line-height:1.17;\">\u00dcber uns<\/h2><\/div><div class=\"fusion-text fusion-text-3\" style=\"--awb-font-size:16px;--awb-letter-spacing:2px;--awb-text-color:#ffffff;--awb-text-font-family:&quot;Roboto&quot;;--awb-text-font-style:normal;--awb-text-font-weight:300;\"><p><strong>Pragmatic Management S\u00e0rl<\/strong> ist am Fu\u00dfe des Creux du Van in Noiraigue angesiedelt und hat sich als Beratungsb\u00fcro f\u00fcr Unternehmensf\u00fchrung positioniert. Wir bieten Dienstleistungen im Bereich Gesch\u00e4ftsf\u00fchrung sowie finanzieller und administrativer Aufgaben<br \/>\nf\u00fcr Unternehmen an, die, aufgrund ihrer Gr\u00f6\u00dfe, keinen interdisziplin\u00e4ren Experten beauftragen k\u00f6nnen. In den Kompetenzbereichen unseres CEO und Gr\u00fcnders k\u00f6nnen wir zudem Training-<br \/>\nund Coaching-Dienstleistungen anbieten.<\/p>\n<p><strong>Pragmatic Management S\u00e0rl<\/strong> m\u00f6chte seinen Kunden eine praktische Expertise bieten. Hierbei st\u00fctzen wir uns auf ein Netzwerk von Experten, die auf die Bereiche Finanzen, Recht, Steuern, Notarielles und Treuh\u00e4nderschaft spezialisiert sind,<br \/>\ndamit die angebotenen Dienstleistungen einen deutlichen Mehrwert haben.<\/p>\n<p>Die grundlegenden Werte von <strong>Pragmatic Management S\u00e0rl<\/strong> basieren auf Respekt, Vertrauen und glaubw\u00fcrdigem Handeln und wir bevorzugen Gesch\u00e4ftsbeziehungen mit Unternehmen, die diese Werte teilen, um so in einem der Leistung zutr\u00e4glichen Kontext voranzuschreiten.<\/p>\n<\/div><\/div><\/div><div class=\"fusion-layout-column fusion_builder_column fusion-builder-column-4 fusion_builder_column_2_5 2_5 fusion-flex-column\" style=\"--awb-padding-top-medium:200px;--awb-padding-bottom-medium:200px;--awb-bg-image:url(&#039;https:\/\/www.pragmaticmanagement.ch\/wp-content\/uploads\/2024\/01\/finances-1024x1024.jpg&#039;);--awb-bg-size:cover;--awb-width-large:40%;--awb-margin-top-large:0px;--awb-spacing-right-large:4.8%;--awb-margin-bottom-large:0px;--awb-spacing-left-large:5.76%;--awb-width-medium:100%;--awb-order-medium:0;--awb-spacing-right-medium:1.92%;--awb-spacing-left-medium:1.92%;--awb-width-small:100%;--awb-order-small:0;--awb-spacing-right-small:1.92%;--awb-spacing-left-small:1.92%;\" data-scroll-devices=\"small-visibility,medium-visibility,large-visibility\"><div class=\"fusion-column-wrapper fusion-column-has-shadow fusion-flex-justify-content-flex-start fusion-content-layout-column fusion-empty-column-bg-image fusion-column-has-bg-image\" data-bg-url=\"https:\/\/www.pragmaticmanagement.ch\/wp-content\/uploads\/2024\/01\/finances-1024x1024.jpg\"><img decoding=\"async\" class=\"fusion-empty-dims-img-placeholder fusion-no-large-visibility\" aria-label=\"finances\" src=\"data:image\/svg+xml,%3Csvg%20xmlns%3D%27http%3A%2F%2Fwww.w3.org%2F2000%2Fsvg%27%20width%3D%271024%27%20height%3D%271024%27%20viewBox%3D%270%200%201024%201024%27%3E%3Crect%20width%3D%271024%27%20height%3D%271024%27%20fill-opacity%3D%220%22%2F%3E%3C%2Fsvg%3E\"><\/div><\/div><\/div><\/div><\/div><div class=\"fusion-fullwidth fullwidth-box fusion-builder-row-5 fusion-flex-container nonhundred-percent-fullwidth non-hundred-percent-height-scrolling\" style=\"--awb-border-radius-top-left:0px;--awb-border-radius-top-right:0px;--awb-border-radius-bottom-right:0px;--awb-border-radius-bottom-left:0px;--awb-flex-wrap:wrap;\" ><div class=\"fusion-builder-row fusion-row fusion-flex-align-items-flex-start fusion-flex-content-wrap\" style=\"max-width:1216.8px;margin-left: calc(-4% \/ 2 );margin-right: calc(-4% \/ 2 );\"><div class=\"fusion-layout-column fusion_builder_column fusion-builder-column-5 fusion_builder_column_1_1 1_1 fusion-flex-column\" style=\"--awb-bg-size:cover;--awb-width-large:100%;--awb-margin-top-large:0px;--awb-spacing-right-large:1.92%;--awb-margin-bottom-large:0px;--awb-spacing-left-large:1.92%;--awb-width-medium:100%;--awb-order-medium:0;--awb-spacing-right-medium:1.92%;--awb-spacing-left-medium:1.92%;--awb-width-small:100%;--awb-order-small:0;--awb-spacing-right-small:1.92%;--awb-spacing-left-small:1.92%;\"><div class=\"fusion-column-wrapper fusion-column-has-shadow fusion-flex-justify-content-flex-start fusion-content-layout-column\"><div style=\"text-align:center;\"><a class=\"fusion-button button-flat fusion-button-default-size button-default fusion-button-default button-1 fusion-button-default-span fusion-button-default-type\" style=\"--button_margin-top:15px;--button_margin-bottom:15px;\" target=\"_self\" href=\"http:\/\/pragmaticmanagement.ch\/de\"><span class=\"fusion-button-text awb-button__text awb-button__text--default\">ZUR\u00dcCK ZUR STARTSEITE<\/span><\/a><\/div><\/div><\/div><\/div><\/div><\/p>\n","protected":false},"excerpt":{"rendered":"","protected":false},"author":1,"featured_media":0,"parent":0,"menu_order":0,"comment_status":"closed","ping_status":"closed","template":"100-width.php","meta":{"footnotes":""},"class_list":["post-1600","page","type-page","status-publish","hentry"],"yoast_head":"<!-- This site is optimized with the Yoast SEO plugin v26.8 - https:\/\/yoast.com\/product\/yoast-seo-wordpress\/ -->\n<title>PRAGMATIC MANAGEMENT - \u00dcBER UNS<\/title>\n<meta name=\"description\" content=\"Pragmatic Management - Bringt Klarheit in komplexe Finanzsituationen - Externer CFO &amp; Unterst\u00fctzer bei der Vorbereitung von Jahresabschl\u00fcssen - Suisse\" \/>\n<meta name=\"robots\" content=\"index, follow, max-snippet:-1, max-image-preview:large, max-video-preview:-1\" \/>\n<link rel=\"canonical\" href=\"https:\/\/www.pragmaticmanagement.ch\/de\/uber-uns\/\" \/>\n<meta property=\"og:locale\" content=\"de_DE\" \/>\n<meta property=\"og:type\" content=\"article\" \/>\n<meta property=\"og:title\" content=\"PRAGMATIC MANAGEMENT - \u00dcBER UNS\" \/>\n<meta property=\"og:description\" content=\"Pragmatic Management - Bringt Klarheit in komplexe Finanzsituationen - Externer CFO &amp; Unterst\u00fctzer bei der Vorbereitung von Jahresabschl\u00fcssen - Suisse\" \/>\n<meta property=\"og:url\" content=\"https:\/\/www.pragmaticmanagement.ch\/de\/uber-uns\/\" \/>\n<meta property=\"og:site_name\" content=\"PRAGMATIC MANAGEMENT\" \/>\n<meta property=\"article:modified_time\" content=\"2024-01-16T09:06:27+00:00\" \/>\n<meta name=\"twitter:card\" content=\"summary_large_image\" \/>\n<meta name=\"twitter:label1\" content=\"Gesch\u00e4tzte Lesezeit\" \/>\n\t<meta name=\"twitter:data1\" content=\"1\u00a0Minute\" \/>\n<script type=\"application\/ld+json\" class=\"yoast-schema-graph\">{\"@context\":\"https:\/\/schema.org\",\"@graph\":[{\"@type\":\"WebPage\",\"@id\":\"https:\/\/www.pragmaticmanagement.ch\/de\/uber-uns\/\",\"url\":\"https:\/\/www.pragmaticmanagement.ch\/de\/uber-uns\/\",\"name\":\"PRAGMATIC MANAGEMENT - \u00dcBER UNS\",\"isPartOf\":{\"@id\":\"https:\/\/www.pragmaticmanagement.ch\/de\/#website\"},\"datePublished\":\"2016-07-14T02:27:55+00:00\",\"dateModified\":\"2024-01-16T09:06:27+00:00\",\"description\":\"Pragmatic Management - Bringt Klarheit in komplexe Finanzsituationen - Externer CFO & Unterst\u00fctzer bei der Vorbereitung von Jahresabschl\u00fcssen - Suisse\",\"breadcrumb\":{\"@id\":\"https:\/\/www.pragmaticmanagement.ch\/de\/uber-uns\/#breadcrumb\"},\"inLanguage\":\"de\",\"potentialAction\":[{\"@type\":\"ReadAction\",\"target\":[\"https:\/\/www.pragmaticmanagement.ch\/de\/uber-uns\/\"]}]},{\"@type\":\"BreadcrumbList\",\"@id\":\"https:\/\/www.pragmaticmanagement.ch\/de\/uber-uns\/#breadcrumb\",\"itemListElement\":[{\"@type\":\"ListItem\",\"position\":1,\"name\":\"Accueil\",\"item\":\"https:\/\/www.pragmaticmanagement.ch\/de\/\"},{\"@type\":\"ListItem\",\"position\":2,\"name\":\"\u00dcBER UNS\"}]},{\"@type\":\"WebSite\",\"@id\":\"https:\/\/www.pragmaticmanagement.ch\/de\/#website\",\"url\":\"https:\/\/www.pragmaticmanagement.ch\/de\/\",\"name\":\"PRAGMATIC MANAGEMENT\",\"description\":\"Clarificateur de situations financi\u00e8res complexes\",\"publisher\":{\"@id\":\"https:\/\/www.pragmaticmanagement.ch\/de\/#organization\"},\"alternateName\":\"Pragmaticmanagement\",\"potentialAction\":[{\"@type\":\"SearchAction\",\"target\":{\"@type\":\"EntryPoint\",\"urlTemplate\":\"https:\/\/www.pragmaticmanagement.ch\/de\/?s={search_term_string}\"},\"query-input\":{\"@type\":\"PropertyValueSpecification\",\"valueRequired\":true,\"valueName\":\"search_term_string\"}}],\"inLanguage\":\"de\"},{\"@type\":\"Organization\",\"@id\":\"https:\/\/www.pragmaticmanagement.ch\/de\/#organization\",\"name\":\"Pragmatic Management\",\"alternateName\":\"Pragmanticmanagement\",\"url\":\"https:\/\/www.pragmaticmanagement.ch\/de\/\",\"logo\":{\"@type\":\"ImageObject\",\"inLanguage\":\"de\",\"@id\":\"https:\/\/www.pragmaticmanagement.ch\/de\/#\/schema\/logo\/image\/\",\"url\":\"https:\/\/www.pragmaticmanagement.ch\/wp-content\/uploads\/2024\/01\/logo@2x.png\",\"contentUrl\":\"https:\/\/www.pragmaticmanagement.ch\/wp-content\/uploads\/2024\/01\/logo@2x.png\",\"width\":507,\"height\":180,\"caption\":\"Pragmatic Management\"},\"image\":{\"@id\":\"https:\/\/www.pragmaticmanagement.ch\/de\/#\/schema\/logo\/image\/\"},\"sameAs\":[\"https:\/\/www.linkedin.com\/in\/alainstritt\"]}]}<\/script>\n<!-- \/ Yoast SEO plugin. -->","yoast_head_json":{"title":"PRAGMATIC MANAGEMENT - \u00dcBER UNS","description":"Pragmatic Management - Bringt Klarheit in komplexe Finanzsituationen - Externer CFO & Unterst\u00fctzer bei der Vorbereitung von Jahresabschl\u00fcssen - Suisse","robots":{"index":"index","follow":"follow","max-snippet":"max-snippet:-1","max-image-preview":"max-image-preview:large","max-video-preview":"max-video-preview:-1"},"canonical":"https:\/\/www.pragmaticmanagement.ch\/de\/uber-uns\/","og_locale":"de_DE","og_type":"article","og_title":"PRAGMATIC MANAGEMENT - \u00dcBER UNS","og_description":"Pragmatic Management - Bringt Klarheit in komplexe Finanzsituationen - Externer CFO & Unterst\u00fctzer bei der Vorbereitung von Jahresabschl\u00fcssen - Suisse","og_url":"https:\/\/www.pragmaticmanagement.ch\/de\/uber-uns\/","og_site_name":"PRAGMATIC MANAGEMENT","article_modified_time":"2024-01-16T09:06:27+00:00","twitter_card":"summary_large_image","twitter_misc":{"Gesch\u00e4tzte Lesezeit":"1\u00a0Minute"},"schema":{"@context":"https:\/\/schema.org","@graph":[{"@type":"WebPage","@id":"https:\/\/www.pragmaticmanagement.ch\/de\/uber-uns\/","url":"https:\/\/www.pragmaticmanagement.ch\/de\/uber-uns\/","name":"PRAGMATIC MANAGEMENT - \u00dcBER UNS","isPartOf":{"@id":"https:\/\/www.pragmaticmanagement.ch\/de\/#website"},"datePublished":"2016-07-14T02:27:55+00:00","dateModified":"2024-01-16T09:06:27+00:00","description":"Pragmatic Management - Bringt Klarheit in komplexe Finanzsituationen - Externer CFO & Unterst\u00fctzer bei der Vorbereitung von Jahresabschl\u00fcssen - Suisse","breadcrumb":{"@id":"https:\/\/www.pragmaticmanagement.ch\/de\/uber-uns\/#breadcrumb"},"inLanguage":"de","potentialAction":[{"@type":"ReadAction","target":["https:\/\/www.pragmaticmanagement.ch\/de\/uber-uns\/"]}]},{"@type":"BreadcrumbList","@id":"https:\/\/www.pragmaticmanagement.ch\/de\/uber-uns\/#breadcrumb","itemListElement":[{"@type":"ListItem","position":1,"name":"Accueil","item":"https:\/\/www.pragmaticmanagement.ch\/de\/"},{"@type":"ListItem","position":2,"name":"\u00dcBER UNS"}]},{"@type":"WebSite","@id":"https:\/\/www.pragmaticmanagement.ch\/de\/#website","url":"https:\/\/www.pragmaticmanagement.ch\/de\/","name":"PRAGMATIC MANAGEMENT","description":"Clarificateur de situations financi\u00e8res complexes","publisher":{"@id":"https:\/\/www.pragmaticmanagement.ch\/de\/#organization"},"alternateName":"Pragmaticmanagement","potentialAction":[{"@type":"SearchAction","target":{"@type":"EntryPoint","urlTemplate":"https:\/\/www.pragmaticmanagement.ch\/de\/?s={search_term_string}"},"query-input":{"@type":"PropertyValueSpecification","valueRequired":true,"valueName":"search_term_string"}}],"inLanguage":"de"},{"@type":"Organization","@id":"https:\/\/www.pragmaticmanagement.ch\/de\/#organization","name":"Pragmatic Management","alternateName":"Pragmanticmanagement","url":"https:\/\/www.pragmaticmanagement.ch\/de\/","logo":{"@type":"ImageObject","inLanguage":"de","@id":"https:\/\/www.pragmaticmanagement.ch\/de\/#\/schema\/logo\/image\/","url":"https:\/\/www.pragmaticmanagement.ch\/wp-content\/uploads\/2024\/01\/logo@2x.png","contentUrl":"https:\/\/www.pragmaticmanagement.ch\/wp-content\/uploads\/2024\/01\/logo@2x.png","width":507,"height":180,"caption":"Pragmatic Management"},"image":{"@id":"https:\/\/www.pragmaticmanagement.ch\/de\/#\/schema\/logo\/image\/"},"sameAs":["https:\/\/www.linkedin.com\/in\/alainstritt"]}]}},"_links":{"self":[{"href":"https:\/\/www.pragmaticmanagement.ch\/de\/wp-json\/wp\/v2\/pages\/1600","targetHints":{"allow":["GET"]}}],"collection":[{"href":"https:\/\/www.pragmaticmanagement.ch\/de\/wp-json\/wp\/v2\/pages"}],"about":[{"href":"https:\/\/www.pragmaticmanagement.ch\/de\/wp-json\/wp\/v2\/types\/page"}],"author":[{"embeddable":true,"href":"https:\/\/www.pragmaticmanagement.ch\/de\/wp-json\/wp\/v2\/users\/1"}],"replies":[{"embeddable":true,"href":"https:\/\/www.pragmaticmanagement.ch\/de\/wp-json\/wp\/v2\/comments?post=1600"}],"version-history":[{"count":9,"href":"https:\/\/www.pragmaticmanagement.ch\/de\/wp-json\/wp\/v2\/pages\/1600\/revisions"}],"predecessor-version":[{"id":1767,"href":"https:\/\/www.pragmaticmanagement.ch\/de\/wp-json\/wp\/v2\/pages\/1600\/revisions\/1767"}],"wp:attachment":[{"href":"https:\/\/www.pragmaticmanagement.ch\/de\/wp-json\/wp\/v2\/media?parent=1600"}],"curies":[{"name":"wp","href":"https:\/\/api.w.org\/{rel}","templated":true}]}}